{"id":2729,"date":"2024-01-15T15:04:52","date_gmt":"2024-01-15T15:04:52","guid":{"rendered":"https:\/\/dajobs.be\/bruxelles\/"},"modified":"2026-01-26T13:10:34","modified_gmt":"2026-01-26T13:10:34","slug":"brussel","status":"publish","type":"page","link":"https:\/\/dajobs.be\/de\/brussel\/","title":{"rendered":"Br\u00fcssel"},"content":{"rendered":"","protected":false},"excerpt":{"rendered":"","protected":false},"author":7,"featured_media":0,"parent":0,"menu_order":0,"comment_status":"closed","ping_status":"closed","template":"","meta":{"_acf_changed":false,"inline_featured_image":false,"footnotes":""},"class_list":["post-2729","page","type-page","status-publish","hentry"],"acf":{"header":{"":null,"image":2810,"title":"Alles \u00fcber die Dienstleistungsschecks in Br\u00fcssel erfahren","text":"","search":false,"search_bar":{"title":"","placeholder":"","autocompletePlaceholder":"","button":""},"settings":{"visible":true,"anchor_name":""}},"sections":[{"acf_fc_layout":"text-image","left_right":true,"left_right_mobile":false,"framed":false,"text_center":false,"wysiwyg":"<h1><strong>Ein Dienstleistungsscheck, was ist das?<\/strong><\/h1>\r\n&nbsp;\r\n\r\nEin Dienstleistungsscheck ist ein Scheck, den eine Privatperson kauft, um eine Stunde Arbeit zu entlohnen, die von einem Arbeiter in seinem Zuhause geleistet wird.\r\n\r\n&nbsp;\r\n\r\n&nbsp;\r\n<h2><span style=\"color: #db2032;\">Dienstleistungsschecks kaufen: Kosten und Vorteile<\/span><\/h2>\r\n&nbsp;\r\n<ul>\r\n \t<li>Die maximale Anzahl von Dienstleistungsschecks, die Sie pro Jahr und pro Person bestellen k\u00f6nnen, betr\u00e4gt <strong>500 (1000 pro Haushalt)<\/strong>.<\/li>\r\n \t<li>Der Preis f\u00fcr einen Titres-Service betr\u00e4gt <strong>10 \u20ac f\u00fcr die ersten 300 pro Person<\/strong> (oder 10 \u20ac f\u00fcr die ersten 800 pro Familie).<\/li>\r\n \t<li>Der Preis steigt auf <strong>12 \u20ac beim Kauf der n\u00e4chsten 200 Dienstleistungsschecks<\/strong> pro Benutzer oder Familie.<\/li>\r\n<\/ul>\r\n*Sie profitieren von einer Steuererm\u00e4\u00dfigung f\u00fcr Ihre Dienstleistungsschecks. Eine Leistung eines\/einer Haushaltshilfe von DaHome kostet Sie nur <strong>8,50 \u20ac*\/Stunde<\/strong> (f\u00fcr die Bestellung der ersten 163 ausgestellten Dienstleistungsschecks).\r\n\r\n&nbsp;\r\n\r\n*Preis- und Steuersimulationen dienen nur zu Informationszwecken und sind unverbindlich. <a href=\"http:\/\/www.titresservices.brussels\/\">Informationen und Gesetzgebung zu Dienstleistungsschecks in Belgien?<\/a>\r\n\r\n&nbsp;\r\n\r\n&nbsp;\r\n<h2><strong>Was ist die Rolle von Pluxee?<\/strong><\/h2>\r\n&nbsp;\r\n\r\nUm Dienstleistungsschecks nutzen zu k\u00f6nnen, ist eine <strong>kostenlose Registrierung bei der Firma Pluxee erforderlich<\/strong>, die diesen Service auf nationaler Ebene verwaltet.\r\n\r\n&nbsp;\r\n\r\n&nbsp;\r\n<h2><strong>Wie lange am Tag?<\/strong><\/h2>\r\n&nbsp;\r\n\r\nJede Dienstleistung muss mindestens <strong>3 Stunden dauern.<\/strong>","button":"","image_wysiwyg":true,"image":912,"text":"","settings":{"visible":true,"anchor_name":"","spacing_top":"medium","spacing_bottom":"medium"}},{"acf_fc_layout":"accordion","items":[{"title":"Das Gehalt Ihres Haushaltshilfe bei DaHome","description":"","text":"Bei DaHome unterzeichnen unsere Haushaltshilfen einen <strong>echten Arbeitsvertrag<\/strong> mit allen <strong>gesetzlichen Vorteilen<\/strong> (Rente, bezahlter Urlaub, Kranken- und Unfallversicherung, Urlaubsgeld, Arbeitslosenversicherung usw.)."},{"title":"Bestellen Sie Ihre Dienstleistungsschecks \u00fcber Pluxee","description":"","text":"<strong>Sie m\u00fcssen sich bei der <a href=\"https:\/\/mijn.dienstencheque.brussels\/register\"><u>Firma Pluxee<\/u><\/a> registrieren, um das Dienstleistungsschecks-System nutzen zu k\u00f6nnen<\/strong>. Diese Registrierung ist <strong>kostenlos<\/strong> und erm\u00f6glicht es Ihnen, <strong>Dienstleistungsschecks zu kaufen<\/strong>.\r\n\r\nNach Ihrer Registrierung erhalten Sie eine Best\u00e4tigung und Ihre Zugangscodes zur sicheren Website von Pluxee. Bewahren Sie Ihre Codes gut auf, da Sie sie zum Kauf Ihrer Dienstleistungsschecks ben\u00f6tigen. Ihre Registrierung und Ihre Benutzerdaten werden verwendet, um Ihre Dienstleistungsschecks zu personalisieren und Ihnen auch Ihre Steuerbescheinigung zuzusenden.\r\n\r\nSie m\u00fcssen mindestens <strong>10 Dienstleistungsschecks<\/strong> bestellen, aber es ist durchaus m\u00f6glich, 12, 23, 37 usw. zu bestellen. Befolgen Sie die Anweisungen auf der Website. <a href=\"http:\/\/www.titresservices.brussels\/\">http:\/\/www.titresservices.brussels\/<\/a>.\r\n\r\nIhre Dienstleistungsschecks werden Ihnen innerhalb von 10 Tagen nach Eingang der Zahlung per Post zugestellt oder Ihrem elektronischen Portemonnaie hinzugef\u00fcgt."},{"title":"Verwenden Sie die elektronischen Dienstleistungsschecks: Es ist einfach und umweltfreundlich!","description":"","text":"<ul>\r\n \t<li><strong>Kein Papierkram<\/strong> und keine Handhabung von Schecks mehr<\/li>\r\n \t<li>Kein Risiko mehr, sie zu <strong>verlieren<\/strong><\/li>\r\n \t<li>Einfach und automatisch<\/li>\r\n \t<li><strong>Sie erhalten sie schnell<\/strong> (am Tag nach Zahlungseingang)<\/li>\r\n \t<li>Sie haben <strong>Zugriff auf den Verlauf<\/strong> der Leistungen Ihrer Haushaltshilfe<\/li>\r\n \t<li><strong>Weniger Verschwendung<\/strong>: Die \u00e4ltesten elektronischen Dienstleistungsschecks werden zuerst verwendet!<\/li>\r\n<\/ul>\r\n<blockquote>&nbsp;<\/blockquote>\r\n<h3><strong>Wie funktionieren die Dienstleistungsschecks?<\/strong><\/h3>\r\n&nbsp;\r\n\r\nWir erfassen die Daten zu den Leistungen Ihrer Haushaltshilfe in einem <strong>sicheren Extranet<\/strong>, das Sie nur noch best\u00e4tigen m\u00fcssen. F\u00fcr eine einfache Verwaltung Ihrer elektronischen Dienstleistungsschecks gibt es<strong> 2 M\u00f6glichkeiten<\/strong>:\r\n<ul>\r\n \t<li>\u00fcber Ihren <strong>sicheren Dienstleistungsscheck-Bereich<\/strong><\/li>\r\n \t<li>\u00fcber eine <strong>kostenlose mobile App<\/strong>, mit der Sie Ihre Dienstleistungsschecks von Ihrem Smartphone oder Tablet aus verwalten k\u00f6nnen: <a href=\"https:\/\/www.titre-service.brussels\/citoyen\/mon-espace\/app\/ou-telecharger\">Dienstleistungsschecks von Pluxee<\/a>. Mit dieser App k\u00f6nnen Sie Ihren Kontostand \u00fcberpr\u00fcfen, Ihre Leistungen best\u00e4tigen, Ihr Portemonnaie verwalten usw. Praktisch, nicht wahr?<\/li>\r\n<\/ul>\r\n&nbsp;\r\n<h3><strong>So wechseln Sie zu elektronischen Dienstleistungsschecks \u2013 ganz einfach!<\/strong><\/h3>\r\n<ul>\r\n \t<li>Benachrichtigen Sie Ihr <a href=\"https:\/\/dajobs.be\/de\/contact\/\">DaJobs JobCenter<\/a>.<\/li>\r\n \t<li>Gehen Sie zu Ihrem <a href=\"https:\/\/extranet.titresservices.brussels\/Home\/LogIn?ReturnUrl=%2fCustomer%2fOrderReservation%3f_ga%3d2.64266415.1262669729.1552488693-2043310861.1544433183&amp;_ga=2.64266415.1262669729.1552488693-2043310861.1544433183\">sicheren Titelservice-Bereich<\/a>.<\/li>\r\n \t<li>Klicken Sie auf \"<strong>Kontakt<\/strong>\" und \"<strong>Daten \u00e4ndern<\/strong>\".<\/li>\r\n \t<li>\u00c4ndern Sie das Format, indem Sie auf \"<strong>elektronisch<\/strong>\" klicken, und best\u00e4tigen Sie<\/li>\r\n<\/ul>"},{"title":"Nutzen Sie noch die Papierversion der Dienstleistungsschecks?","description":"","text":"F\u00fcr jede geleistete Arbeitsstunde f\u00fcllen Sie einen Dienstleistungsscheck leserlich in Schwarz oder Dunkelblau aus und unterschreiben ihn. Geben Sie auch das tats\u00e4chliche Datum der Leistungserbringung und die Art der erbrachten T\u00e4tigkeit an (anzukreuzendes Feld).\r\n\r\n&nbsp;\r\n\r\n<strong>Hinweis<\/strong>: Wenn Sie sich f\u00fcr den Papierscheck entscheiden, sind Sie f\u00fcr die \u00dcbergabe des Schecks verantwortlich. Stellen Sie sicher, dass er Ihrem DaJobs JobCenter, das Ihre Akte verwaltet, innerhalb einer Woche nach Erbringung der Dienstleistung \u00fcbergeben wird."}],"settings":{"visible":true,"anchor_name":"","spacing_top":"medium","spacing_bottom":"medium"}},{"acf_fc_layout":"two-ctas-illustration","background_image":2811,"items":[{"title":"Ich m\u00f6chte Dienstleistungsschecks-Kunde werden","text":"Ich m\u00f6chte Dienstleistungsschecks-Kunde werden Auf der Suche nach einer Haushaltshilfe? Entscheiden Sie sich f\u00fcr die Qualit\u00e4t und Freundlichkeit von DaHome!","button":{"title":"Formular ausf\u00fcllen","url":"https:\/\/app.dahome.be\/","target":"_blank"},"image":1033}],"settings":{"visible":true,"anchor_name":"","spacing_top":"medium","spacing_bottom":"medium"}}],"cta":{"":null,"background_image":null,"title":"","items":null,"settings":{"visible":true,"anchor_name":"","heading_tag":"h2"}},"settings":{"has_offset":false}},"yoast_head":"<!-- This site is optimized with the Yoast SEO plugin v26.7 - https:\/\/yoast.com\/wordpress\/plugins\/seo\/ -->\n<title>DaHome - Alle Info zu Dienstleistungsschecks in Br\u00fcssel<\/title>\n<meta name=\"description\" content=\"Alles, was Sie \u00fcber die Besch\u00e4ftigung Ihrer Haushaltshilfe und die Nutzung von Dienstleistungsschecks in Br\u00fcssel wissen m\u00fcssen.\" \/>\n<meta name=\"robots\" content=\"index, follow, max-snippet:-1, max-image-preview:large, max-video-preview:-1\" \/>\n<link rel=\"canonical\" href=\"https:\/\/dajobs.be\/de\/brussel\/\" \/>\n<meta property=\"og:locale\" content=\"de_DE\" \/>\n<meta property=\"og:type\" content=\"article\" \/>\n<meta property=\"og:title\" content=\"DaHome - Alle Info zu Dienstleistungsschecks in Br\u00fcssel\" \/>\n<meta property=\"og:description\" content=\"Alles, was Sie \u00fcber die Besch\u00e4ftigung Ihrer Haushaltshilfe und die Nutzung von Dienstleistungsschecks in Br\u00fcssel wissen m\u00fcssen.\" \/>\n<meta property=\"og:url\" content=\"https:\/\/dajobs.be\/de\/brussel\/\" \/>\n<meta property=\"og:site_name\" content=\"DaJobs\" \/>\n<meta property=\"article:publisher\" content=\"https:\/\/www.facebook.com\/DaJobsHR\" \/>\n<meta property=\"article:modified_time\" content=\"2026-01-26T13:10:34+00:00\" \/>\n<meta name=\"twitter:card\" content=\"summary_large_image\" \/>\n<meta name=\"twitter:label1\" content=\"Est. reading time\" \/>\n\t<meta name=\"twitter:data1\" content=\"4 minutes\" \/>\n<script type=\"application\/ld+json\" class=\"yoast-schema-graph\">{\"@context\":\"https:\/\/schema.org\",\"@graph\":[{\"@type\":\"WebPage\",\"@id\":\"https:\/\/dajobs.be\/de\/brussel\/\",\"url\":\"https:\/\/dajobs.be\/de\/brussel\/\",\"name\":\"DaHome - Alle Info zu Dienstleistungsschecks in Br\u00fcssel\",\"isPartOf\":{\"@id\":\"https:\/\/daoust.lademo.be\/#website\"},\"datePublished\":\"2024-01-15T15:04:52+00:00\",\"dateModified\":\"2026-01-26T13:10:34+00:00\",\"description\":\"Alles, was Sie \u00fcber die Besch\u00e4ftigung Ihrer Haushaltshilfe und die Nutzung von Dienstleistungsschecks in Br\u00fcssel wissen m\u00fcssen.\",\"breadcrumb\":{\"@id\":\"https:\/\/dajobs.be\/de\/brussel\/#breadcrumb\"},\"inLanguage\":\"de-DE\",\"potentialAction\":[{\"@type\":\"ReadAction\",\"target\":[\"https:\/\/dajobs.be\/de\/brussel\/\"]}]},{\"@type\":\"BreadcrumbList\",\"@id\":\"https:\/\/dajobs.be\/de\/brussel\/#breadcrumb\",\"itemListElement\":[{\"@type\":\"ListItem\",\"position\":1,\"name\":\"Home\",\"item\":\"https:\/\/dajobs.be\/de\/\"},{\"@type\":\"ListItem\",\"position\":2,\"name\":\"Br\u00fcssel\"}]},{\"@type\":\"WebSite\",\"@id\":\"https:\/\/daoust.lademo.be\/#website\",\"url\":\"https:\/\/daoust.lademo.be\/\",\"name\":\"DaJobbs\",\"description\":\"\",\"publisher\":{\"@id\":\"https:\/\/daoust.lademo.be\/#organization\"},\"potentialAction\":[{\"@type\":\"SearchAction\",\"target\":{\"@type\":\"EntryPoint\",\"urlTemplate\":\"https:\/\/daoust.lademo.be\/?s={search_term_string}\"},\"query-input\":{\"@type\":\"PropertyValueSpecification\",\"valueRequired\":true,\"valueName\":\"search_term_string\"}}],\"inLanguage\":\"de-DE\"},{\"@type\":\"Organization\",\"@id\":\"https:\/\/daoust.lademo.be\/#organization\",\"name\":\"DaJobs\",\"url\":\"https:\/\/daoust.lademo.be\/\",\"logo\":{\"@type\":\"ImageObject\",\"inLanguage\":\"de-DE\",\"@id\":\"https:\/\/daoust.lademo.be\/#\/schema\/logo\/image\/\",\"url\":\"https:\/\/dajobs.be\/app\/uploads\/2024\/03\/group.svg\",\"contentUrl\":\"https:\/\/dajobs.be\/app\/uploads\/2024\/03\/group.svg\",\"width\":165,\"height\":23,\"caption\":\"DaJobs\"},\"image\":{\"@id\":\"https:\/\/daoust.lademo.be\/#\/schema\/logo\/image\/\"},\"sameAs\":[\"https:\/\/www.facebook.com\/DaJobsHR\",\"https:\/\/www.linkedin.com\/company\/dajobs-hr\",\"https:\/\/www.instagram.com\/dajobs_hr\/\"]}]}<\/script>\n<!-- \/ Yoast SEO plugin. -->","yoast_head_json":{"title":"DaHome - Alle Info zu Dienstleistungsschecks in Br\u00fcssel","description":"Alles, was Sie \u00fcber die Besch\u00e4ftigung Ihrer Haushaltshilfe und die Nutzung von Dienstleistungsschecks in Br\u00fcssel wissen m\u00fcssen.","robots":{"index":"index","follow":"follow","max-snippet":"max-snippet:-1","max-image-preview":"max-image-preview:large","max-video-preview":"max-video-preview:-1"},"canonical":"https:\/\/dajobs.be\/de\/brussel\/","og_locale":"de_DE","og_type":"article","og_title":"DaHome - Alle Info zu Dienstleistungsschecks in Br\u00fcssel","og_description":"Alles, was Sie \u00fcber die Besch\u00e4ftigung Ihrer Haushaltshilfe und die Nutzung von Dienstleistungsschecks in Br\u00fcssel wissen m\u00fcssen.","og_url":"https:\/\/dajobs.be\/de\/brussel\/","og_site_name":"DaJobs","article_publisher":"https:\/\/www.facebook.com\/DaJobsHR","article_modified_time":"2026-01-26T13:10:34+00:00","twitter_card":"summary_large_image","twitter_misc":{"Est. reading time":"4 minutes"},"schema":{"@context":"https:\/\/schema.org","@graph":[{"@type":"WebPage","@id":"https:\/\/dajobs.be\/de\/brussel\/","url":"https:\/\/dajobs.be\/de\/brussel\/","name":"DaHome - Alle Info zu Dienstleistungsschecks in Br\u00fcssel","isPartOf":{"@id":"https:\/\/daoust.lademo.be\/#website"},"datePublished":"2024-01-15T15:04:52+00:00","dateModified":"2026-01-26T13:10:34+00:00","description":"Alles, was Sie \u00fcber die Besch\u00e4ftigung Ihrer Haushaltshilfe und die Nutzung von Dienstleistungsschecks in Br\u00fcssel wissen m\u00fcssen.","breadcrumb":{"@id":"https:\/\/dajobs.be\/de\/brussel\/#breadcrumb"},"inLanguage":"de-DE","potentialAction":[{"@type":"ReadAction","target":["https:\/\/dajobs.be\/de\/brussel\/"]}]},{"@type":"BreadcrumbList","@id":"https:\/\/dajobs.be\/de\/brussel\/#breadcrumb","itemListElement":[{"@type":"ListItem","position":1,"name":"Home","item":"https:\/\/dajobs.be\/de\/"},{"@type":"ListItem","position":2,"name":"Br\u00fcssel"}]},{"@type":"WebSite","@id":"https:\/\/daoust.lademo.be\/#website","url":"https:\/\/daoust.lademo.be\/","name":"DaJobbs","description":"","publisher":{"@id":"https:\/\/daoust.lademo.be\/#organization"},"potentialAction":[{"@type":"SearchAction","target":{"@type":"EntryPoint","urlTemplate":"https:\/\/daoust.lademo.be\/?s={search_term_string}"},"query-input":{"@type":"PropertyValueSpecification","valueRequired":true,"valueName":"search_term_string"}}],"inLanguage":"de-DE"},{"@type":"Organization","@id":"https:\/\/daoust.lademo.be\/#organization","name":"DaJobs","url":"https:\/\/daoust.lademo.be\/","logo":{"@type":"ImageObject","inLanguage":"de-DE","@id":"https:\/\/daoust.lademo.be\/#\/schema\/logo\/image\/","url":"https:\/\/dajobs.be\/app\/uploads\/2024\/03\/group.svg","contentUrl":"https:\/\/dajobs.be\/app\/uploads\/2024\/03\/group.svg","width":165,"height":23,"caption":"DaJobs"},"image":{"@id":"https:\/\/daoust.lademo.be\/#\/schema\/logo\/image\/"},"sameAs":["https:\/\/www.facebook.com\/DaJobsHR","https:\/\/www.linkedin.com\/company\/dajobs-hr","https:\/\/www.instagram.com\/dajobs_hr\/"]}]}},"_links":{"self":[{"href":"https:\/\/dajobs.be\/de\/wp-json\/wp\/v2\/pages\/2729","targetHints":{"allow":["GET"]}}],"collection":[{"href":"https:\/\/dajobs.be\/de\/wp-json\/wp\/v2\/pages"}],"about":[{"href":"https:\/\/dajobs.be\/de\/wp-json\/wp\/v2\/types\/page"}],"author":[{"embeddable":true,"href":"https:\/\/dajobs.be\/de\/wp-json\/wp\/v2\/users\/7"}],"replies":[{"embeddable":true,"href":"https:\/\/dajobs.be\/de\/wp-json\/wp\/v2\/comments?post=2729"}],"version-history":[{"count":5,"href":"https:\/\/dajobs.be\/de\/wp-json\/wp\/v2\/pages\/2729\/revisions"}],"predecessor-version":[{"id":4627,"href":"https:\/\/dajobs.be\/de\/wp-json\/wp\/v2\/pages\/2729\/revisions\/4627"}],"wp:attachment":[{"href":"https:\/\/dajobs.be\/de\/wp-json\/wp\/v2\/media?parent=2729"}],"curies":[{"name":"wp","href":"https:\/\/api.w.org\/{rel}","templated":true}]}}