{"id":2719,"date":"2024-01-15T15:21:46","date_gmt":"2024-01-15T15:21:46","guid":{"rendered":"https:\/\/dajobs.be\/flandre\/"},"modified":"2025-11-19T10:04:26","modified_gmt":"2025-11-19T10:04:26","slug":"flandern","status":"publish","type":"page","link":"https:\/\/dajobs.be\/de\/flandern\/","title":{"rendered":"Flandern"},"content":{"rendered":"","protected":false},"excerpt":{"rendered":"","protected":false},"author":7,"featured_media":0,"parent":0,"menu_order":0,"comment_status":"closed","ping_status":"closed","template":"","meta":{"_acf_changed":false,"inline_featured_image":false,"footnotes":""},"class_list":["post-2719","page","type-page","status-publish","hentry"],"acf":{"header":{"":null,"image":2810,"title":"Ein Dienstleistungsscheck, was ist das?","text":"","search":false,"search_bar":{"title":"","placeholder":"","autocompletePlaceholder":"","button":""},"settings":{"visible":true,"anchor_name":""}},"sections":[{"acf_fc_layout":"text-image","left_right":false,"left_right_mobile":false,"framed":false,"text_center":false,"wysiwyg":"<h1><span style=\"color: #db2032;\">Ein Dienstleistungsscheck, was ist das?<\/span><\/h1>\r\n&nbsp;\r\n\r\nEin Dienstleistungsscheck ist ein von einem Privatpersonen gekaufter Scheck zur Bezahlung einer Arbeitsstunde, die von einem Arbeitnehmer zu Hause geleistet wird.\r\n<h3><\/h3>\r\n&nbsp;\r\n<h2><span style=\"color: #db2032;\">Dienstleistungsschecks kaufen: Kosten und Vorteile.<\/span><\/h2>\r\n&nbsp;\r\n<ul>\r\n \t<li>Die maximale Anzahl an Dienstleistungsschecks, die Sie pro Jahr und pro Person bestellen k\u00f6nnen, betr\u00e4gt <strong>500 (1000 pro Haushalt)<\/strong>.<\/li>\r\n \t<li>Der Preis f\u00fcr einen Dienstleistungsscheck betr\u00e4gt <strong>9 \u20ac<\/strong>.<\/li>\r\n \t<li>Sie profitieren von einer Steuererleichterung f\u00fcr Ihre Dienstleistungsschecks. Eine Dienstleistung einer DaHome-Haushaltshilfe kostet Sie nur <strong>7,20* \u20ac\/Stunde<\/strong> (f\u00fcr die Bestellung der ersten 167 ausgegebenen Dienstleistungsschecks).<\/li>\r\n<\/ul>\r\n*Diese Preis- und Steuersimulation dient nur als Richtwert und ist unverbindlich f\u00fcr DaHome. <a href=\"https:\/\/dienstencheques.vlaanderen.be\/\">Weitere Informationen und Gesetzgebung zu Dienstleistungsschecks in Belgien?<\/a>\r\n<h3><\/h3>\r\n&nbsp;\r\n<h2><span style=\"color: #db2032;\"><strong>Was ist die Rolle von Sodexo\/Pluxee?<\/strong><\/span><\/h2>\r\n&nbsp;\r\n\r\nUm Dienstleistungsschecks nutzen zu k\u00f6nnen, m\u00fcssen Sie sich <strong>kostenlos bei der Firma Sodexo\/Pluxee anmelden<\/strong>, die diesen Service auf nationaler Ebene verwaltet.\r\n\r\n&nbsp;\r\n\r\n&nbsp;\r\n<h2><span style=\"color: #db2032;\"><strong>Wie lange am Tag?<\/strong><\/span><\/h2>\r\n&nbsp;\r\n\r\nJede Leistung muss <strong>mindestens 3 Stunden<\/strong> betragen.","button":"","image_wysiwyg":true,"image":912,"text":"","settings":{"visible":true,"anchor_name":"","spacing_top":"medium","spacing_bottom":"medium"}},{"acf_fc_layout":"accordion","items":[{"title":"Das Gehalt Ihrer Haushaltshilfe von DaHome","description":"","text":"Bei DaHome unterzeichnen unsere Haushaltshilfen einen <strong>echten Arbeitsvertrag<\/strong> mit allen <strong>gesetzlichen Vorteilen<\/strong> (Rente, bezahlter Urlaub, Kranken- und Unfallversicherung, Urlaubsgeld, Arbeitslosenversicherung, ...)."},{"title":"Bestellen Sie Ihre Dienstleistungsschecks \u00fcber Sodexo\/Pluxee","description":"","text":"<strong>Sie m\u00fcssen sich bei der <a href=\"https:\/\/dienstencheques.vlaanderen.be\/\">Firma Sodexo\/Pluxee<\/a> anmelden, um das Dienstleistungsscheck-System nutzen zu k\u00f6nnen<\/strong>. Diese Anmeldung ist kostenlos und erm\u00f6glicht Ihnen den Kauf von Dienstleistungsschecks.\r\n\r\n&nbsp;\r\n\r\nNach Ihrer Anmeldung erhalten Sie eine Best\u00e4tigung und Ihre Zugangscodes zur sicheren Website von Sodexo. Bewahren Sie Ihre Codes gut auf, da Sie sie zum Kauf Ihrer Dienstleistungsschecks ben\u00f6tigen. Ihre Anmeldung und Ihre Benutzerdaten werden verwendet, um Ihre Dienstleistungsschecks zu personalisieren und um Ihnen Ihre Steuerbescheinigung zu senden.\r\n\r\n&nbsp;\r\n\r\nSie m\u00fcssen <strong>mindestens 10 Dienstleistungsschecks<\/strong> bestellen, aber es ist durchaus m\u00f6glich, 12, 23, 37 usw. zu bestellen. Befolgen Sie die Anweisungen auf <a href=\"http:\/\/www.dienstencheques-vlaanderen.be\/\">www.dienstencheques-vlaanderen.be<\/a>. Ihre Dienstleistungsschecks werden innerhalb von 10 Tagen nach Zahlungseingang per Post zugestellt oder Ihrem elektronischen Portemonnaie hinzugef\u00fcgt."},{"title":"Nutzen Sie die elektronischen Dienstleistungsschecks: Es ist einfach und umweltfreundlich!","description":"","text":"<ul>\r\n \t<li><strong>Kein Papierkram<\/strong> und keine Handhabung von Schecks mehr<\/li>\r\n \t<li>Kein Risiko mehr, sie zu <strong>verlieren<\/strong><\/li>\r\n \t<li>Einfach und automatisch<\/li>\r\n \t<li><strong>Sie erhalten sie schnell<\/strong> (am Tag nach Zahlungseingang)<\/li>\r\n \t<li>Sie haben <strong>Zugriff auf den Verlauf der Leistungen Ihrer Haushaltshilfe<\/strong><\/li>\r\n \t<li><strong>Weniger Verschwendung<\/strong>: Die \u00e4ltesten elektronischen Dienstleistungsschecks werden zuerst verwendet!<\/li>\r\n<\/ul>\r\n&nbsp;\r\n<h3><strong>Wie funktionieren die Dienstleistungsschecks?<\/strong><\/h3>\r\nWir erfassen die Daten zu den Leistungen Ihrer Haushaltshilfe in einem sicheren Extranet, das Sie nur noch best\u00e4tigen m\u00fcssen. F\u00fcr eine einfache Verwaltung Ihrer elektronischen Dienstleistungsschecks gibt es <strong>2 M\u00f6glichkeiten<\/strong>:\r\n<ul>\r\n \t<li>\u00fcber Ihren <strong>sicheren Dienstleistungsscheck-Bereich<\/strong><\/li>\r\n \t<li>\u00fcber eine <strong>kostenlose mobile App<\/strong>, mit der Sie Ihre Dienstleistungsschecks von Ihrem Smartphone oder Tablet aus verwalten k\u00f6nnen: <a href=\"https:\/\/dienstencheques.vlaanderen.be\/burger\/mijn-ruimte\/app\/waar-downloaden\">Dienstleistungsschecks von Sodexo\/Pluxee<\/a>. Mit dieser App k\u00f6nnen Sie Ihren Kontostand \u00fcberpr\u00fcfen, Ihre Leistungen best\u00e4tigen, Ihr Portemonnaie verwalten usw. Praktisch, nicht wahr?<\/li>\r\n<\/ul>\r\n&nbsp;\r\n<h3><strong>So wechseln Sie zu elektronischen Dienstleistungsschecks \u2013 ganz einfach!<\/strong><\/h3>\r\n<ul>\r\n \t<li>Benachrichtigen Sie Ihr <a href=\"https:\/\/dajobs.be\/de\/contact\/\">DaJobs JobCenter<\/a>.<\/li>\r\n \t<li>Gehen Sie zu Ihrem <a href=\"https:\/\/dienstencheques.vlaanderen.be\/\">sicheren Dienstleistungsscheck-Bereich<\/a>.<\/li>\r\n \t<li>Klicken Sie auf \"<strong>Kontakt<\/strong>\" und \"<strong>Daten \u00e4ndern<\/strong>\".<\/li>\r\n \t<li>\u00c4ndern Sie das Format, indem Sie auf \"elektronisch\" klicken, und best\u00e4tigen Sie.<\/li>\r\n<\/ul>"},{"title":"Nutzen Sie noch die Papierversion der Dienstleistungsschecks?","description":"","text":"F\u00fcr jede geleistete Arbeitsstunde f\u00fcllen Sie einen Dienstleistungsscheck leserlich in Schwarz oder Dunkelblau aus und unterschreiben ihn. Geben Sie auch das tats\u00e4chliche Datum der Leistungserbringung und die Art der erbrachten T\u00e4tigkeit an (anzukreuzendes Feld).\r\n\r\n&nbsp;\r\n\r\n<strong>Hinweis<\/strong>: Wenn Sie sich f\u00fcr den Papierscheck entscheiden, sind Sie f\u00fcr die \u00dcbergabe des Schecks verantwortlich. Stellen Sie sicher, dass er Ihrem DaJobs JobCenter, das Ihre Akte verwaltet, innerhalb einer Woche nach Erbringung der Dienstleistung \u00fcbergeben wird."}],"settings":{"visible":true,"anchor_name":"","spacing_top":"medium","spacing_bottom":"medium"}},{"acf_fc_layout":"two-ctas-illustration","background_image":2811,"items":[{"title":"Ich m\u00f6chte Dienstleistungsschecks-Kunde werden","text":"Ich m\u00f6chte Dienstleistungsschecks-Kunde werden Auf der Suche nach einer Haushaltshilfe? Entscheiden Sie sich f\u00fcr die Qualit\u00e4t und Freundlichkeit von DaHome!","button":{"title":"Formular ausf\u00fcllen ","url":"https:\/\/app.dahome.be\/","target":"_blank"},"image":1033}],"settings":{"visible":true,"anchor_name":"","spacing_top":"medium","spacing_bottom":"medium"}}],"cta":{"":null,"background_image":null,"title":"","items":null,"settings":{"visible":true,"anchor_name":"","heading_tag":"h2"}},"settings":{"has_offset":false}},"yoast_head":"<!-- This site is optimized with the Yoast SEO plugin v26.7 - https:\/\/yoast.com\/wordpress\/plugins\/seo\/ -->\n<title>DaHome - Alle Info zu Dienstleistungsschecks in Flandern<\/title>\n<meta name=\"description\" content=\"Alles, was Sie \u00fcber die Besch\u00e4ftigung Ihrer Haushaltshilfe und die Nutzung von Dienstleistungsschecks in Flandern wissen m\u00fcssen.\" \/>\n<meta name=\"robots\" content=\"index, follow, max-snippet:-1, max-image-preview:large, max-video-preview:-1\" \/>\n<link rel=\"canonical\" href=\"https:\/\/dajobs.be\/de\/flandern\/\" \/>\n<meta property=\"og:locale\" content=\"de_DE\" \/>\n<meta property=\"og:type\" content=\"article\" \/>\n<meta property=\"og:title\" content=\"DaHome - Alle Info zu Dienstleistungsschecks in Flandern\" \/>\n<meta property=\"og:description\" content=\"Alles, was Sie \u00fcber die Besch\u00e4ftigung Ihrer Haushaltshilfe und die Nutzung von Dienstleistungsschecks in Flandern wissen m\u00fcssen.\" \/>\n<meta property=\"og:url\" content=\"https:\/\/dajobs.be\/de\/flandern\/\" \/>\n<meta property=\"og:site_name\" content=\"DaJobs\" \/>\n<meta property=\"article:publisher\" content=\"https:\/\/www.facebook.com\/DaJobsHR\" \/>\n<meta property=\"article:modified_time\" content=\"2025-11-19T10:04:26+00:00\" \/>\n<meta name=\"twitter:card\" content=\"summary_large_image\" \/>\n<meta name=\"twitter:label1\" content=\"Est. reading time\" \/>\n\t<meta name=\"twitter:data1\" content=\"4 minutes\" \/>\n<script type=\"application\/ld+json\" class=\"yoast-schema-graph\">{\"@context\":\"https:\/\/schema.org\",\"@graph\":[{\"@type\":[\"WebPage\",\"FAQPage\"],\"@id\":\"https:\/\/dajobs.be\/de\/flandern\/\",\"url\":\"https:\/\/dajobs.be\/de\/flandern\/\",\"name\":\"DaHome - Alle Info zu Dienstleistungsschecks in Flandern\",\"isPartOf\":{\"@id\":\"https:\/\/daoust.lademo.be\/#website\"},\"datePublished\":\"2024-01-15T15:21:46+00:00\",\"dateModified\":\"2025-11-19T10:04:26+00:00\",\"description\":\"Alles, was Sie \u00fcber die Besch\u00e4ftigung Ihrer Haushaltshilfe und die Nutzung von Dienstleistungsschecks in Flandern wissen m\u00fcssen.\",\"breadcrumb\":{\"@id\":\"https:\/\/dajobs.be\/de\/flandern\/#breadcrumb\"},\"inLanguage\":\"de-DE\",\"potentialAction\":[{\"@type\":\"ReadAction\",\"target\":[\"https:\/\/dajobs.be\/de\/flandern\/\"]}]},{\"@type\":\"BreadcrumbList\",\"@id\":\"https:\/\/dajobs.be\/de\/flandern\/#breadcrumb\",\"itemListElement\":[{\"@type\":\"ListItem\",\"position\":1,\"name\":\"Home\",\"item\":\"https:\/\/dajobs.be\/de\/\"},{\"@type\":\"ListItem\",\"position\":2,\"name\":\"Flandern\"}]},{\"@type\":\"WebSite\",\"@id\":\"https:\/\/daoust.lademo.be\/#website\",\"url\":\"https:\/\/daoust.lademo.be\/\",\"name\":\"DaJobbs\",\"description\":\"\",\"publisher\":{\"@id\":\"https:\/\/daoust.lademo.be\/#organization\"},\"potentialAction\":[{\"@type\":\"SearchAction\",\"target\":{\"@type\":\"EntryPoint\",\"urlTemplate\":\"https:\/\/daoust.lademo.be\/?s={search_term_string}\"},\"query-input\":{\"@type\":\"PropertyValueSpecification\",\"valueRequired\":true,\"valueName\":\"search_term_string\"}}],\"inLanguage\":\"de-DE\"},{\"@type\":\"Organization\",\"@id\":\"https:\/\/daoust.lademo.be\/#organization\",\"name\":\"DaJobs\",\"url\":\"https:\/\/daoust.lademo.be\/\",\"logo\":{\"@type\":\"ImageObject\",\"inLanguage\":\"de-DE\",\"@id\":\"https:\/\/daoust.lademo.be\/#\/schema\/logo\/image\/\",\"url\":\"https:\/\/dajobs.be\/app\/uploads\/2024\/03\/group.svg\",\"contentUrl\":\"https:\/\/dajobs.be\/app\/uploads\/2024\/03\/group.svg\",\"width\":165,\"height\":23,\"caption\":\"DaJobs\"},\"image\":{\"@id\":\"https:\/\/daoust.lademo.be\/#\/schema\/logo\/image\/\"},\"sameAs\":[\"https:\/\/www.facebook.com\/DaJobsHR\",\"https:\/\/www.linkedin.com\/company\/dajobs-hr\",\"https:\/\/www.instagram.com\/dajobs_hr\/\"]}]}<\/script>\n<!-- \/ Yoast SEO plugin. -->","yoast_head_json":{"title":"DaHome - Alle Info zu Dienstleistungsschecks in Flandern","description":"Alles, was Sie \u00fcber die Besch\u00e4ftigung Ihrer Haushaltshilfe und die Nutzung von Dienstleistungsschecks in Flandern wissen m\u00fcssen.","robots":{"index":"index","follow":"follow","max-snippet":"max-snippet:-1","max-image-preview":"max-image-preview:large","max-video-preview":"max-video-preview:-1"},"canonical":"https:\/\/dajobs.be\/de\/flandern\/","og_locale":"de_DE","og_type":"article","og_title":"DaHome - Alle Info zu Dienstleistungsschecks in Flandern","og_description":"Alles, was Sie \u00fcber die Besch\u00e4ftigung Ihrer Haushaltshilfe und die Nutzung von Dienstleistungsschecks in Flandern wissen m\u00fcssen.","og_url":"https:\/\/dajobs.be\/de\/flandern\/","og_site_name":"DaJobs","article_publisher":"https:\/\/www.facebook.com\/DaJobsHR","article_modified_time":"2025-11-19T10:04:26+00:00","twitter_card":"summary_large_image","twitter_misc":{"Est. reading time":"4 minutes"},"schema":{"@context":"https:\/\/schema.org","@graph":[{"@type":["WebPage","FAQPage"],"@id":"https:\/\/dajobs.be\/de\/flandern\/","url":"https:\/\/dajobs.be\/de\/flandern\/","name":"DaHome - Alle Info zu Dienstleistungsschecks in Flandern","isPartOf":{"@id":"https:\/\/daoust.lademo.be\/#website"},"datePublished":"2024-01-15T15:21:46+00:00","dateModified":"2025-11-19T10:04:26+00:00","description":"Alles, was Sie \u00fcber die Besch\u00e4ftigung Ihrer Haushaltshilfe und die Nutzung von Dienstleistungsschecks in Flandern wissen m\u00fcssen.","breadcrumb":{"@id":"https:\/\/dajobs.be\/de\/flandern\/#breadcrumb"},"inLanguage":"de-DE","potentialAction":[{"@type":"ReadAction","target":["https:\/\/dajobs.be\/de\/flandern\/"]}]},{"@type":"BreadcrumbList","@id":"https:\/\/dajobs.be\/de\/flandern\/#breadcrumb","itemListElement":[{"@type":"ListItem","position":1,"name":"Home","item":"https:\/\/dajobs.be\/de\/"},{"@type":"ListItem","position":2,"name":"Flandern"}]},{"@type":"WebSite","@id":"https:\/\/daoust.lademo.be\/#website","url":"https:\/\/daoust.lademo.be\/","name":"DaJobbs","description":"","publisher":{"@id":"https:\/\/daoust.lademo.be\/#organization"},"potentialAction":[{"@type":"SearchAction","target":{"@type":"EntryPoint","urlTemplate":"https:\/\/daoust.lademo.be\/?s={search_term_string}"},"query-input":{"@type":"PropertyValueSpecification","valueRequired":true,"valueName":"search_term_string"}}],"inLanguage":"de-DE"},{"@type":"Organization","@id":"https:\/\/daoust.lademo.be\/#organization","name":"DaJobs","url":"https:\/\/daoust.lademo.be\/","logo":{"@type":"ImageObject","inLanguage":"de-DE","@id":"https:\/\/daoust.lademo.be\/#\/schema\/logo\/image\/","url":"https:\/\/dajobs.be\/app\/uploads\/2024\/03\/group.svg","contentUrl":"https:\/\/dajobs.be\/app\/uploads\/2024\/03\/group.svg","width":165,"height":23,"caption":"DaJobs"},"image":{"@id":"https:\/\/daoust.lademo.be\/#\/schema\/logo\/image\/"},"sameAs":["https:\/\/www.facebook.com\/DaJobsHR","https:\/\/www.linkedin.com\/company\/dajobs-hr","https:\/\/www.instagram.com\/dajobs_hr\/"]}]}},"_links":{"self":[{"href":"https:\/\/dajobs.be\/de\/wp-json\/wp\/v2\/pages\/2719","targetHints":{"allow":["GET"]}}],"collection":[{"href":"https:\/\/dajobs.be\/de\/wp-json\/wp\/v2\/pages"}],"about":[{"href":"https:\/\/dajobs.be\/de\/wp-json\/wp\/v2\/types\/page"}],"author":[{"embeddable":true,"href":"https:\/\/dajobs.be\/de\/wp-json\/wp\/v2\/users\/7"}],"replies":[{"embeddable":true,"href":"https:\/\/dajobs.be\/de\/wp-json\/wp\/v2\/comments?post=2719"}],"version-history":[{"count":3,"href":"https:\/\/dajobs.be\/de\/wp-json\/wp\/v2\/pages\/2719\/revisions"}],"predecessor-version":[{"id":4687,"href":"https:\/\/dajobs.be\/de\/wp-json\/wp\/v2\/pages\/2719\/revisions\/4687"}],"wp:attachment":[{"href":"https:\/\/dajobs.be\/de\/wp-json\/wp\/v2\/media?parent=2719"}],"curies":[{"name":"wp","href":"https:\/\/api.w.org\/{rel}","templated":true}]}}