{"id":2712,"date":"2024-01-15T15:30:52","date_gmt":"2024-01-15T15:30:52","guid":{"rendered":"https:\/\/dajobs.be\/wallonie\/"},"modified":"2026-01-22T09:27:50","modified_gmt":"2026-01-22T09:27:50","slug":"wallonie","status":"publish","type":"page","link":"https:\/\/dajobs.be\/de\/wallonie\/","title":{"rendered":"Wallonie"},"content":{"rendered":"","protected":false},"excerpt":{"rendered":"","protected":false},"author":7,"featured_media":0,"parent":0,"menu_order":0,"comment_status":"closed","ping_status":"closed","template":"","meta":{"_acf_changed":false,"inline_featured_image":false,"footnotes":""},"class_list":["post-2712","page","type-page","status-publish","hentry"],"acf":{"header":{"":null,"image":2810,"title":"Alles \u00fcber die Dienstleistungsschecks in der Wallonie erfahren ","text":"","search":false,"search_bar":{"title":"","placeholder":"","autocompletePlaceholder":"","button":""},"settings":{"visible":true,"anchor_name":""}},"sections":[{"acf_fc_layout":"text-image","left_right":false,"left_right_mobile":false,"framed":false,"text_center":false,"wysiwyg":"<h1><span class=\"text-primary-500\"><strong>Ein Dienstleistungsscheck, was ist das?<\/strong><\/span><\/h1>\r\n&nbsp;\r\n\r\nEin Dienstleistungsscheck ist ein von einem Privatperson gekaufter Gutschein, um eine Stunde Arbeit eines Arbeitnehmers in seinem Zuhause zu entlohnen.\r\n\r\n&nbsp;\r\n\r\n&nbsp;\r\n<h2><span style=\"color: #db2032;\">Dienstleistungsschecks kaufen: Kosten und Vorteile.<\/span><\/h2>\r\n&nbsp;\r\n<ul>\r\n \t<li>Die maximale Anzahl von Dienstleistungsschecks, die Sie pro Jahr und <strong>Person bestellen k\u00f6nnen, betr\u00e4gt 500 (1000 pro Haushalt)<\/strong>.<\/li>\r\n \t<li>Der Preis eines Dienstleistungsschecks betr\u00e4gt <strong>\u20ac 10<\/strong> f\u00fcr die ersten 175, die pro Person bestellt werden (oder \u20ac 10 f\u00fcr die ersten 350, die pro Familie bestellt werden).<\/li>\r\n \t<li>Der Preis <strong>steigt auf \u20ac 11<\/strong> beim Kauf des 176. bis 400. Dienstleistungsschecks f\u00fcr einzelne Benutzer oder f\u00fcr den 351. bis 800. Dienstleistungsschecks f\u00fcr Familien.<\/li>\r\n \t<li>Sie erhalten eine Steuererm\u00e4\u00dfigung f\u00fcr Ihre Dienstleistungsschecks. Eine Dienstleistung eines DaHome-Haushaltshilfe kostet Sie nur <strong>8,10 \u20ac* pro Stunde<\/strong> (f\u00fcr die Bestellung der ersten 150 Dienstleistungsschecks in der Wallonie).<\/li>\r\n<\/ul>\r\n*Preissimulation und steuerliche Angaben sind unverbindlich und dienen nur zur Orientierung, ohne Verpflichtung seitens DaHome Dienstleistungsschecks.\r\n\r\n<a href=\"https:\/\/dienstleistungsschecks.wallonie.be\/\">Weitere Informationen und vollst\u00e4ndige Gesetzgebung? <\/a>\r\n\r\n&nbsp;\r\n\r\n&nbsp;\r\n<h2><strong>Welche Rolle spielt Pluxee?<\/strong><\/h2>\r\n&nbsp;\r\n\r\nUm Dienstleistungsschecks nutzen zu k\u00f6nnen, ist eine <strong>kostenlose Registrierung bei der Firma Pluxee erforderlich<\/strong>, die diesen Service auf nationaler Ebene verwaltet.\r\n\r\n&nbsp;\r\n\r\n&nbsp;\r\n<h2><strong>Wie viel Zeit pro Tag?<\/strong><\/h2>\r\n&nbsp;\r\n\r\nJede Dienstleistung muss <strong>mindestens 3 Stunden dauern<\/strong>.","button":"","image_wysiwyg":true,"image":912,"text":"","settings":{"visible":true,"anchor_name":"","spacing_top":"medium","spacing_bottom":"medium"}},{"acf_fc_layout":"accordion","items":[{"title":"Das Gehalt Ihres DaHome-Haushaltshilfe","description":"","text":"Bei DaHome unterzeichnen unsere Haushaltshilfen einen <strong>echten Arbeitsvertrag<\/strong> mit allen <strong>gesetzlichen Vorteilen<\/strong> (Rente, bezahlter Urlaub, Kranken- und Unfallversicherung, Urlaubsgeld, Arbeitslosigkeit usw.)."},{"title":"Bestellen Sie Ihre Dienstleistungsschecks \u00fcber Pluxee","description":"","text":"<strong>Um das System der Dienstleistungsschecks nutzen zu k\u00f6nnen, m\u00fcssen Sie sich bei der <a href=\"https:\/\/mes.titres-services.wallonie.be\/register\">Firma Pluxee<\/a> registrieren<\/strong>. Diese Registrierung ist <strong>kostenlos<\/strong> und erm\u00f6glicht es Ihnen, <strong>Dienstleistungsschecks zu kaufen<\/strong>.\r\n\r\nNach Ihrer Registrierung erhalten Sie eine Best\u00e4tigung und Ihre Zugangsdaten zur sicheren Website von Pluxee. Bewahren Sie diese gut auf, da Sie sie zum Kauf Ihrer Dienstleistungsschecks ben\u00f6tigen. Ihre Registrierung und Ihre Benutzerkennung werden verwendet, um Ihre Dienstleistungsschecks zu personalisieren, aber auch um Ihnen Ihre Steuerbescheinigung zuzusenden. Sie m\u00fcssen mindestens 10 Dienstleistungsschecks bestellen, aber Sie k\u00f6nnen problemlos 12, 23, 37 usw. bestellen. Folgen Sie den Anweisungen auf <a href=\"https:\/\/dienstleistungsschecks.wallonie.be\/\">www.dienstleistungsschecks.wallonie.be\/<\/a>\r\n\r\nIhre Dienstleistungsschecks werden Ihrem elektronischen Portemonnaie hinzugef\u00fcgt oder innerhalb von 10 Tagen nach Eingang Ihrer Zahlung per Post geliefert."},{"title":"Verwenden Sie elektronische Dienstleistungsschecks: Es ist einfach und umweltfreundlich!","description":"","text":"<ul>\r\n \t<li><strong>Kein Papierkram<\/strong> und kein Umgang mit Schecks mehr<\/li>\r\n \t<li>Kein Risiko mehr, sie zu <strong>verlieren<\/strong><\/li>\r\n \t<li>Einfach und automatisch<\/li>\r\n \t<li><strong>Sie erhalten sie schnell<\/strong> (am Tag nach Eingang Ihrer Zahlung)<\/li>\r\n \t<li>Sie haben Zugriff auf das <strong>Leistungsverzeichnis<\/strong> Ihres Hausangestellten<\/li>\r\n \t<li><strong>Weniger Verschwendung<\/strong>: Die \u00e4ltesten elektronischen Dienstleistungsschecks werden zuerst verwendet!<\/li>\r\n<\/ul>\r\n&nbsp;\r\n<h3><strong>Wie funktionieren die Dienstleistungsschecks?<\/strong><\/h3>\r\n&nbsp;\r\n\r\nIhr Berater oder Ihre Beraterin gibt die Daten zu den Leistungen Ihres Hausangestellten im Bereich der Dienstleistungsschecks in einem sicheren Extranet ein, das Sie anschlie\u00dfend nur noch best\u00e4tigen m\u00fcssen.\r\n\r\nF\u00fcr eine einfache Verwaltung Ihrer elektronischen Dienstleistungsschecks gibt es <strong>zwei M\u00f6glichkeiten<\/strong>:\r\n<ul>\r\n \t<li>\u00dcber Ihr pers\u00f6nliches <strong>sicheres Bereich<\/strong> f\u00fcr Dienstleistungsschecks: <a href=\"https:\/\/dienstleistungsschecks.wallonie.be\/\">https:\/\/dienstleistungsschecks.wallonie.be\/<\/a><\/li>\r\n \t<li>\u00dcber eine <strong>kostenlose mobile App<\/strong>, mit der Sie Ihre Dienstleistungsschecks von Ihrem Smartphone oder Tablet aus verwalten k\u00f6nnen: <a href=\"https:\/\/dienstleistungsschecks.wallonie.be\/burger\/mein-bereich\/app\/wo-herunterladen\">Dienstleistungsschecks by Pluxee<\/a>. Mit dieser App k\u00f6nnen Sie Ihren Kontostand \u00fcberpr\u00fcfen, Ihre Leistungen best\u00e4tigen, Ihr Portemonnaie verwalten usw. Praktisch, oder?<\/li>\r\n<\/ul>\r\n&nbsp;\r\n<h3><strong>Wie wechsle ich zu elektronischen Dienstleistungsschecks? Es ist ganz einfach!<\/strong><\/h3>\r\n&nbsp;\r\n<ul>\r\n \t<li>Benachrichtigen Sie Ihr <a href=\"https:\/\/dajobs.be\/de\/contact\/\">DaJobs JobCenter<\/a>.<\/li>\r\n \t<li>Gehen Sie zu Ihrem <a href=\"https:\/\/soeasy.sodexo.be\/servicevouchers?\">sicheren Bereich<\/a>.<\/li>\r\n \t<li>Klicken Sie auf \"<strong>Kontaktinformationen<\/strong>\" und dann auf \"<strong>Daten \u00e4ndern\".<\/strong><\/li>\r\n \t<li>\u00c4ndern Sie das Medium, indem Sie auf \"<strong>elektronisch<\/strong>\" klicken, und best\u00e4tigen Sie.<\/li>\r\n<\/ul>"},{"title":"Sie verwenden Papier-Dienstleistungsschecks?","description":"","text":"F\u00fcr jede geleistete Arbeitsstunde f\u00fcllen Sie einen Titelservice klar lesbar in Schwarz oder Dunkelblau aus und unterschreiben ihn. Sie geben auch das tats\u00e4chliche Datum der Leistungserbringung und die Art der erbrachten T\u00e4tigkeit an (anzukreuzendes Feld).\r\n\r\n&nbsp;\r\n\r\n<strong>Achtung<\/strong>: Wenn Sie sich f\u00fcr den Papiertitelservice entscheiden, sind Sie f\u00fcr die Weitergabe des Titels verantwortlich. Sie m\u00fcssen daher sicherstellen, dass er innerhalb einer Woche nach der Leistung Ihres Haushaltshilfe bei Ihrem DaJobs-Jobcenter abgegeben wird."}],"settings":{"visible":true,"anchor_name":"","spacing_top":"medium","spacing_bottom":"medium"}},{"acf_fc_layout":"two-ctas-illustration","background_image":2811,"items":[{"title":"Ich m\u00f6chte Dienstleistungsschecks-Kunde werden","text":"Auf der Suche nach einer Haushaltshilfe? Entscheiden Sie sich f\u00fcr Qualit\u00e4t und Freundlichkeit mit DaHome!","button":{"title":"Formular ausf\u00fcllen","url":"https:\/\/app.dahome.be\/","target":"_blank"},"image":1033}],"settings":{"visible":true,"anchor_name":"","spacing_top":"medium","spacing_bottom":"medium"}}],"cta":{"":null,"background_image":null,"title":"","items":null,"settings":{"visible":true,"anchor_name":"","heading_tag":"h2"}},"settings":{"has_offset":false}},"yoast_head":"<!-- This site is optimized with the Yoast SEO plugin v26.7 - https:\/\/yoast.com\/wordpress\/plugins\/seo\/ -->\n<title>DaHome - Alle Info zu Dienstleistungsschecks in Wallonien<\/title>\n<meta name=\"description\" content=\"Alles, was Sie \u00fcber die Besch\u00e4ftigung Ihrer Haushaltshilfe und die Nutzung von Dienstleistungsschecks in Wallonien wissen m\u00fcssen.\" \/>\n<meta name=\"robots\" content=\"index, follow, max-snippet:-1, max-image-preview:large, max-video-preview:-1\" \/>\n<link rel=\"canonical\" href=\"https:\/\/dajobs.be\/de\/wallonie\/\" \/>\n<meta property=\"og:locale\" content=\"de_DE\" \/>\n<meta property=\"og:type\" content=\"article\" \/>\n<meta property=\"og:title\" content=\"DaHome - Alle Info zu Dienstleistungsschecks in Wallonien\" \/>\n<meta property=\"og:description\" content=\"Alles, was Sie \u00fcber die Besch\u00e4ftigung Ihrer Haushaltshilfe und die Nutzung von Dienstleistungsschecks in Wallonien wissen m\u00fcssen.\" \/>\n<meta property=\"og:url\" content=\"https:\/\/dajobs.be\/de\/wallonie\/\" \/>\n<meta property=\"og:site_name\" content=\"DaJobs\" \/>\n<meta property=\"article:publisher\" content=\"https:\/\/www.facebook.com\/DaJobsHR\" \/>\n<meta property=\"article:modified_time\" content=\"2026-01-22T09:27:50+00:00\" \/>\n<meta name=\"twitter:card\" content=\"summary_large_image\" \/>\n<meta name=\"twitter:label1\" content=\"Est. reading time\" \/>\n\t<meta name=\"twitter:data1\" content=\"4 minutes\" \/>\n<script type=\"application\/ld+json\" class=\"yoast-schema-graph\">{\"@context\":\"https:\/\/schema.org\",\"@graph\":[{\"@type\":\"WebPage\",\"@id\":\"https:\/\/dajobs.be\/de\/wallonie\/\",\"url\":\"https:\/\/dajobs.be\/de\/wallonie\/\",\"name\":\"DaHome - Alle Info zu Dienstleistungsschecks in Wallonien\",\"isPartOf\":{\"@id\":\"https:\/\/daoust.lademo.be\/#website\"},\"datePublished\":\"2024-01-15T15:30:52+00:00\",\"dateModified\":\"2026-01-22T09:27:50+00:00\",\"description\":\"Alles, was Sie \u00fcber die Besch\u00e4ftigung Ihrer Haushaltshilfe und die Nutzung von Dienstleistungsschecks in Wallonien wissen m\u00fcssen.\",\"breadcrumb\":{\"@id\":\"https:\/\/dajobs.be\/de\/wallonie\/#breadcrumb\"},\"inLanguage\":\"de-DE\",\"potentialAction\":[{\"@type\":\"ReadAction\",\"target\":[\"https:\/\/dajobs.be\/de\/wallonie\/\"]}]},{\"@type\":\"BreadcrumbList\",\"@id\":\"https:\/\/dajobs.be\/de\/wallonie\/#breadcrumb\",\"itemListElement\":[{\"@type\":\"ListItem\",\"position\":1,\"name\":\"Home\",\"item\":\"https:\/\/dajobs.be\/de\/\"},{\"@type\":\"ListItem\",\"position\":2,\"name\":\"Wallonie\"}]},{\"@type\":\"WebSite\",\"@id\":\"https:\/\/daoust.lademo.be\/#website\",\"url\":\"https:\/\/daoust.lademo.be\/\",\"name\":\"DaJobbs\",\"description\":\"\",\"publisher\":{\"@id\":\"https:\/\/daoust.lademo.be\/#organization\"},\"potentialAction\":[{\"@type\":\"SearchAction\",\"target\":{\"@type\":\"EntryPoint\",\"urlTemplate\":\"https:\/\/daoust.lademo.be\/?s={search_term_string}\"},\"query-input\":{\"@type\":\"PropertyValueSpecification\",\"valueRequired\":true,\"valueName\":\"search_term_string\"}}],\"inLanguage\":\"de-DE\"},{\"@type\":\"Organization\",\"@id\":\"https:\/\/daoust.lademo.be\/#organization\",\"name\":\"DaJobs\",\"url\":\"https:\/\/daoust.lademo.be\/\",\"logo\":{\"@type\":\"ImageObject\",\"inLanguage\":\"de-DE\",\"@id\":\"https:\/\/daoust.lademo.be\/#\/schema\/logo\/image\/\",\"url\":\"https:\/\/dajobs.be\/app\/uploads\/2024\/03\/group.svg\",\"contentUrl\":\"https:\/\/dajobs.be\/app\/uploads\/2024\/03\/group.svg\",\"width\":165,\"height\":23,\"caption\":\"DaJobs\"},\"image\":{\"@id\":\"https:\/\/daoust.lademo.be\/#\/schema\/logo\/image\/\"},\"sameAs\":[\"https:\/\/www.facebook.com\/DaJobsHR\",\"https:\/\/www.linkedin.com\/company\/dajobs-hr\",\"https:\/\/www.instagram.com\/dajobs_hr\/\"]}]}<\/script>\n<!-- \/ Yoast SEO plugin. -->","yoast_head_json":{"title":"DaHome - Alle Info zu Dienstleistungsschecks in Wallonien","description":"Alles, was Sie \u00fcber die Besch\u00e4ftigung Ihrer Haushaltshilfe und die Nutzung von Dienstleistungsschecks in Wallonien wissen m\u00fcssen.","robots":{"index":"index","follow":"follow","max-snippet":"max-snippet:-1","max-image-preview":"max-image-preview:large","max-video-preview":"max-video-preview:-1"},"canonical":"https:\/\/dajobs.be\/de\/wallonie\/","og_locale":"de_DE","og_type":"article","og_title":"DaHome - Alle Info zu Dienstleistungsschecks in Wallonien","og_description":"Alles, was Sie \u00fcber die Besch\u00e4ftigung Ihrer Haushaltshilfe und die Nutzung von Dienstleistungsschecks in Wallonien wissen m\u00fcssen.","og_url":"https:\/\/dajobs.be\/de\/wallonie\/","og_site_name":"DaJobs","article_publisher":"https:\/\/www.facebook.com\/DaJobsHR","article_modified_time":"2026-01-22T09:27:50+00:00","twitter_card":"summary_large_image","twitter_misc":{"Est. reading time":"4 minutes"},"schema":{"@context":"https:\/\/schema.org","@graph":[{"@type":"WebPage","@id":"https:\/\/dajobs.be\/de\/wallonie\/","url":"https:\/\/dajobs.be\/de\/wallonie\/","name":"DaHome - Alle Info zu Dienstleistungsschecks in Wallonien","isPartOf":{"@id":"https:\/\/daoust.lademo.be\/#website"},"datePublished":"2024-01-15T15:30:52+00:00","dateModified":"2026-01-22T09:27:50+00:00","description":"Alles, was Sie \u00fcber die Besch\u00e4ftigung Ihrer Haushaltshilfe und die Nutzung von Dienstleistungsschecks in Wallonien wissen m\u00fcssen.","breadcrumb":{"@id":"https:\/\/dajobs.be\/de\/wallonie\/#breadcrumb"},"inLanguage":"de-DE","potentialAction":[{"@type":"ReadAction","target":["https:\/\/dajobs.be\/de\/wallonie\/"]}]},{"@type":"BreadcrumbList","@id":"https:\/\/dajobs.be\/de\/wallonie\/#breadcrumb","itemListElement":[{"@type":"ListItem","position":1,"name":"Home","item":"https:\/\/dajobs.be\/de\/"},{"@type":"ListItem","position":2,"name":"Wallonie"}]},{"@type":"WebSite","@id":"https:\/\/daoust.lademo.be\/#website","url":"https:\/\/daoust.lademo.be\/","name":"DaJobbs","description":"","publisher":{"@id":"https:\/\/daoust.lademo.be\/#organization"},"potentialAction":[{"@type":"SearchAction","target":{"@type":"EntryPoint","urlTemplate":"https:\/\/daoust.lademo.be\/?s={search_term_string}"},"query-input":{"@type":"PropertyValueSpecification","valueRequired":true,"valueName":"search_term_string"}}],"inLanguage":"de-DE"},{"@type":"Organization","@id":"https:\/\/daoust.lademo.be\/#organization","name":"DaJobs","url":"https:\/\/daoust.lademo.be\/","logo":{"@type":"ImageObject","inLanguage":"de-DE","@id":"https:\/\/daoust.lademo.be\/#\/schema\/logo\/image\/","url":"https:\/\/dajobs.be\/app\/uploads\/2024\/03\/group.svg","contentUrl":"https:\/\/dajobs.be\/app\/uploads\/2024\/03\/group.svg","width":165,"height":23,"caption":"DaJobs"},"image":{"@id":"https:\/\/daoust.lademo.be\/#\/schema\/logo\/image\/"},"sameAs":["https:\/\/www.facebook.com\/DaJobsHR","https:\/\/www.linkedin.com\/company\/dajobs-hr","https:\/\/www.instagram.com\/dajobs_hr\/"]}]}},"_links":{"self":[{"href":"https:\/\/dajobs.be\/de\/wp-json\/wp\/v2\/pages\/2712","targetHints":{"allow":["GET"]}}],"collection":[{"href":"https:\/\/dajobs.be\/de\/wp-json\/wp\/v2\/pages"}],"about":[{"href":"https:\/\/dajobs.be\/de\/wp-json\/wp\/v2\/types\/page"}],"author":[{"embeddable":true,"href":"https:\/\/dajobs.be\/de\/wp-json\/wp\/v2\/users\/7"}],"replies":[{"embeddable":true,"href":"https:\/\/dajobs.be\/de\/wp-json\/wp\/v2\/comments?post=2712"}],"version-history":[{"count":6,"href":"https:\/\/dajobs.be\/de\/wp-json\/wp\/v2\/pages\/2712\/revisions"}],"predecessor-version":[{"id":4720,"href":"https:\/\/dajobs.be\/de\/wp-json\/wp\/v2\/pages\/2712\/revisions\/4720"}],"wp:attachment":[{"href":"https:\/\/dajobs.be\/de\/wp-json\/wp\/v2\/media?parent=2712"}],"curies":[{"name":"wp","href":"https:\/\/api.w.org\/{rel}","templated":true}]}}